{"id":3379,"date":"2025-04-24T18:39:01","date_gmt":"2025-04-24T23:39:01","guid":{"rendered":"https:\/\/tourcartagenaa.com\/?post_type=product&#038;p=3379"},"modified":"2025-12-31T08:17:46","modified_gmt":"2025-12-31T13:17:46","slug":"sabai","status":"publish","type":"product","link":"https:\/\/tourcartagenaa.com\/en\/product\/sabai\/","title":{"rendered":"Sabai"},"content":{"rendered":"<h4>Daily departures<\/h4>\n<p>Does not include hotel search<\/p>\n<h4>Schedule<\/h4>\n<ul>\n<li>Check in at 7:40 am<\/li>\n<li>Sailing at 8:05 am<\/li>\n<li>Return to Cartagena at 3:00 pm<\/li>\n<li>Arrival in Cartagena at approximately 4:00 pm<\/li>\n<\/ul>\n<h4>includes<\/h4>\n<ul>\n<li>Round trip transportation by sports boat<\/li>\n<li>Arrival in Cartagena at approximately 4:00 pm<\/li>\n<li>Two professional pilots and bilingual guide<\/li>\n<li>Panoramic tour of Bocachica Fort and Chol\u00f3n Swamp<\/li>\n<li>Landing on a 50-meter-long private dock<\/li>\n<li>Welcome fruit popsicle<\/li>\n<li>25-meter pool<\/li>\n<li>Beach bed + towel<\/li>\n<li>200-meter stretch of beach without crowds<\/li>\n<li>Lunch + drink<\/li>\n<li>Kayaks, volleyball and board games<\/li>\n<li>Transfer to the oceanarium<\/li>\n<li>Water and coffee all day<\/li>\n<li>Wifi on the beach<\/li>\n<\/ul>\n<h4>Note:<\/h4>\n<ul>\n<li>Does not include hotel search<\/li>\n<li>Does not include port tax<\/li>\n<li>The entry of drinks and food is not allowed.<\/li>\n<li>The return time may be a little earlier if the waves rise.<\/li>\n<\/ul>","protected":false},"excerpt":{"rendered":"<p>Salidas diarias No incluye b\u00fasqueda en hoteles Horario Check in a las 7:40 am Zarpe a las 8:05 am Retorno a Cartagena a las 15:00 pm Llegada a Cartagena a las 16:00 pm aproximadamente Incluye Transporte ida y vuelta en bote deportivo Agua abordo Dos &hellip; <\/p>","protected":false},"featured_media":3382,"comment_status":"open","ping_status":"closed","template":"","meta":{"_joinchat":[]},"product_brand":[],"product_cat":[54],"product_tag":[],"class_list":{"0":"post-3379","1":"product","2":"type-product","3":"status-publish","4":"has-post-thumbnail","6":"product_cat-baru","8":"first","9":"instock","10":"virtual","11":"sold-individually","12":"purchasable","13":"product-type-booking"},"yoast_head":"<!-- This site is optimized with the Yoast SEO plugin v27.3 - https:\/\/yoast.com\/product\/yoast-seo-wordpress\/ -->\n<title>Sabai | El club de playa m\u00e1s exclusivo en Bar\u00fa | Tour Cartagena<\/title>\n<meta name=\"description\" content=\"Sabai, el club de playa m\u00e1s exclusivo en la Pen\u00ednsula de Bar\u00fa ubicado, con una extensi\u00f3n de 250 metros de playa privada con aguas cristalinas y arena blanca\" \/>\n<meta name=\"robots\" content=\"index, follow, max-snippet:-1, max-image-preview:large, max-video-preview:-1\" \/>\n<link rel=\"canonical\" href=\"https:\/\/tourcartagenaa.com\/en\/product\/sabai\/\" \/>\n<meta property=\"og:locale\" content=\"en_US\" \/>\n<meta property=\"og:type\" content=\"article\" \/>\n<meta property=\"og:title\" content=\"Sabai | El club de playa m\u00e1s exclusivo en Bar\u00fa | Tour Cartagena\" \/>\n<meta property=\"og:description\" content=\"Sabai, el club de playa m\u00e1s exclusivo en la Pen\u00ednsula de Bar\u00fa ubicado, con una extensi\u00f3n de 250 metros de playa privada con aguas cristalinas y arena blanca\" \/>\n<meta property=\"og:url\" content=\"https:\/\/tourcartagenaa.com\/en\/product\/sabai\/\" \/>\n<meta property=\"og:site_name\" content=\"Tour Cartagena\" \/>\n<meta property=\"article:modified_time\" content=\"2025-12-31T13:17:46+00:00\" \/>\n<meta property=\"og:image\" content=\"https:\/\/tourcartagenaa.com\/wp-content\/uploads\/2025\/04\/PORTADA-PGW.jpg\" \/>\n\t<meta property=\"og:image:width\" content=\"1000\" \/>\n\t<meta property=\"og:image:height\" content=\"800\" \/>\n\t<meta property=\"og:image:type\" content=\"image\/jpeg\" \/>\n<meta name=\"twitter:card\" content=\"summary_large_image\" \/>\n<meta name=\"twitter:label1\" content=\"Est. reading time\" \/>\n\t<meta name=\"twitter:data1\" content=\"1 minute\" \/>\n<script type=\"application\/ld+json\" class=\"yoast-schema-graph\">{\"@context\":\"https:\\\/\\\/schema.org\",\"@graph\":[{\"@type\":\"WebPage\",\"@id\":\"https:\\\/\\\/tourcartagenaa.com\\\/producto\\\/sabai\\\/\",\"url\":\"https:\\\/\\\/tourcartagenaa.com\\\/producto\\\/sabai\\\/\",\"name\":\"Sabai | El club de playa m\u00e1s exclusivo en Bar\u00fa | Tour Cartagena\",\"isPartOf\":{\"@id\":\"https:\\\/\\\/tourcartagenaa.com\\\/#website\"},\"primaryImageOfPage\":{\"@id\":\"https:\\\/\\\/tourcartagenaa.com\\\/producto\\\/sabai\\\/#primaryimage\"},\"image\":{\"@id\":\"https:\\\/\\\/tourcartagenaa.com\\\/producto\\\/sabai\\\/#primaryimage\"},\"thumbnailUrl\":\"https:\\\/\\\/tourcartagenaa.com\\\/wp-content\\\/uploads\\\/2025\\\/04\\\/PORTADA-PGW.jpg\",\"datePublished\":\"2025-04-24T23:39:01+00:00\",\"dateModified\":\"2025-12-31T13:17:46+00:00\",\"description\":\"Sabai, el club de playa m\u00e1s exclusivo en la Pen\u00ednsula de Bar\u00fa ubicado, con una extensi\u00f3n de 250 metros de playa privada con aguas cristalinas y arena blanca\",\"breadcrumb\":{\"@id\":\"https:\\\/\\\/tourcartagenaa.com\\\/producto\\\/sabai\\\/#breadcrumb\"},\"inLanguage\":\"en-US\",\"potentialAction\":[{\"@type\":\"ReadAction\",\"target\":[\"https:\\\/\\\/tourcartagenaa.com\\\/producto\\\/sabai\\\/\"]}]},{\"@type\":\"ImageObject\",\"inLanguage\":\"en-US\",\"@id\":\"https:\\\/\\\/tourcartagenaa.com\\\/producto\\\/sabai\\\/#primaryimage\",\"url\":\"https:\\\/\\\/tourcartagenaa.com\\\/wp-content\\\/uploads\\\/2025\\\/04\\\/PORTADA-PGW.jpg\",\"contentUrl\":\"https:\\\/\\\/tourcartagenaa.com\\\/wp-content\\\/uploads\\\/2025\\\/04\\\/PORTADA-PGW.jpg\",\"width\":1000,\"height\":800,\"caption\":\"????????????????????????????????????????????????????????????????????????????????????????????????????????????????????????????????????????????????????????????????????????????????????????????????????????????????????????????????????????????????????????????????????\"},{\"@type\":\"BreadcrumbList\",\"@id\":\"https:\\\/\\\/tourcartagenaa.com\\\/producto\\\/sabai\\\/#breadcrumb\",\"itemListElement\":[{\"@type\":\"ListItem\",\"position\":1,\"name\":\"Home\",\"item\":\"https:\\\/\\\/tourcartagenaa.com\\\/\"},{\"@type\":\"ListItem\",\"position\":2,\"name\":\"Tienda\",\"item\":\"https:\\\/\\\/tourcartagenaa.com\\\/tienda\\\/\"},{\"@type\":\"ListItem\",\"position\":3,\"name\":\"Sabai\"}]},{\"@type\":\"WebSite\",\"@id\":\"https:\\\/\\\/tourcartagenaa.com\\\/#website\",\"url\":\"https:\\\/\\\/tourcartagenaa.com\\\/\",\"name\":\"Tour Cartagena\",\"description\":\"Agencia de turismo en Cartagena\",\"publisher\":{\"@id\":\"https:\\\/\\\/tourcartagenaa.com\\\/#organization\"},\"potentialAction\":[{\"@type\":\"SearchAction\",\"target\":{\"@type\":\"EntryPoint\",\"urlTemplate\":\"https:\\\/\\\/tourcartagenaa.com\\\/?s={search_term_string}\"},\"query-input\":{\"@type\":\"PropertyValueSpecification\",\"valueRequired\":true,\"valueName\":\"search_term_string\"}}],\"inLanguage\":\"en-US\"},{\"@type\":\"Organization\",\"@id\":\"https:\\\/\\\/tourcartagenaa.com\\\/#organization\",\"name\":\"Tour Cartagena\",\"url\":\"https:\\\/\\\/tourcartagenaa.com\\\/\",\"logo\":{\"@type\":\"ImageObject\",\"inLanguage\":\"en-US\",\"@id\":\"https:\\\/\\\/tourcartagenaa.com\\\/#\\\/schema\\\/logo\\\/image\\\/\",\"url\":\"https:\\\/\\\/tourcartagenaa.com\\\/wp-content\\\/uploads\\\/2024\\\/05\\\/cropped-RNT-195777-150X150.png\",\"contentUrl\":\"https:\\\/\\\/tourcartagenaa.com\\\/wp-content\\\/uploads\\\/2024\\\/05\\\/cropped-RNT-195777-150X150.png\",\"width\":150,\"height\":150,\"caption\":\"Tour Cartagena\"},\"image\":{\"@id\":\"https:\\\/\\\/tourcartagenaa.com\\\/#\\\/schema\\\/logo\\\/image\\\/\"}}]}<\/script>\n<!-- \/ Yoast SEO plugin. -->","yoast_head_json":{"title":"Sabai | El club de playa m\u00e1s exclusivo en Bar\u00fa | Tour Cartagena","description":"Sabai, el club de playa m\u00e1s exclusivo en la Pen\u00ednsula de Bar\u00fa ubicado, con una extensi\u00f3n de 250 metros de playa privada con aguas cristalinas y arena blanca","robots":{"index":"index","follow":"follow","max-snippet":"max-snippet:-1","max-image-preview":"max-image-preview:large","max-video-preview":"max-video-preview:-1"},"canonical":"https:\/\/tourcartagenaa.com\/en\/product\/sabai\/","og_locale":"en_US","og_type":"article","og_title":"Sabai | El club de playa m\u00e1s exclusivo en Bar\u00fa | Tour Cartagena","og_description":"Sabai, el club de playa m\u00e1s exclusivo en la Pen\u00ednsula de Bar\u00fa ubicado, con una extensi\u00f3n de 250 metros de playa privada con aguas cristalinas y arena blanca","og_url":"https:\/\/tourcartagenaa.com\/en\/product\/sabai\/","og_site_name":"Tour Cartagena","article_modified_time":"2025-12-31T13:17:46+00:00","og_image":[{"width":1000,"height":800,"url":"https:\/\/tourcartagenaa.com\/wp-content\/uploads\/2025\/04\/PORTADA-PGW.jpg","type":"image\/jpeg"}],"twitter_card":"summary_large_image","twitter_misc":{"Est. reading time":"1 minute"},"schema":{"@context":"https:\/\/schema.org","@graph":[{"@type":"WebPage","@id":"https:\/\/tourcartagenaa.com\/producto\/sabai\/","url":"https:\/\/tourcartagenaa.com\/producto\/sabai\/","name":"Sabai | El club de playa m\u00e1s exclusivo en Bar\u00fa | Tour Cartagena","isPartOf":{"@id":"https:\/\/tourcartagenaa.com\/#website"},"primaryImageOfPage":{"@id":"https:\/\/tourcartagenaa.com\/producto\/sabai\/#primaryimage"},"image":{"@id":"https:\/\/tourcartagenaa.com\/producto\/sabai\/#primaryimage"},"thumbnailUrl":"https:\/\/tourcartagenaa.com\/wp-content\/uploads\/2025\/04\/PORTADA-PGW.jpg","datePublished":"2025-04-24T23:39:01+00:00","dateModified":"2025-12-31T13:17:46+00:00","description":"Sabai, el club de playa m\u00e1s exclusivo en la Pen\u00ednsula de Bar\u00fa ubicado, con una extensi\u00f3n de 250 metros de playa privada con aguas cristalinas y arena blanca","breadcrumb":{"@id":"https:\/\/tourcartagenaa.com\/producto\/sabai\/#breadcrumb"},"inLanguage":"en-US","potentialAction":[{"@type":"ReadAction","target":["https:\/\/tourcartagenaa.com\/producto\/sabai\/"]}]},{"@type":"ImageObject","inLanguage":"en-US","@id":"https:\/\/tourcartagenaa.com\/producto\/sabai\/#primaryimage","url":"https:\/\/tourcartagenaa.com\/wp-content\/uploads\/2025\/04\/PORTADA-PGW.jpg","contentUrl":"https:\/\/tourcartagenaa.com\/wp-content\/uploads\/2025\/04\/PORTADA-PGW.jpg","width":1000,"height":800,"caption":"????????????????????????????????????????????????????????????????????????????????????????????????????????????????????????????????????????????????????????????????????????????????????????????????????????????????????????????????????????????????????????????????????"},{"@type":"BreadcrumbList","@id":"https:\/\/tourcartagenaa.com\/producto\/sabai\/#breadcrumb","itemListElement":[{"@type":"ListItem","position":1,"name":"Home","item":"https:\/\/tourcartagenaa.com\/"},{"@type":"ListItem","position":2,"name":"Tienda","item":"https:\/\/tourcartagenaa.com\/tienda\/"},{"@type":"ListItem","position":3,"name":"Sabai"}]},{"@type":"WebSite","@id":"https:\/\/tourcartagenaa.com\/#website","url":"https:\/\/tourcartagenaa.com\/","name":"Tour Cartagena","description":"Tourism agency in Cartagena","publisher":{"@id":"https:\/\/tourcartagenaa.com\/#organization"},"potentialAction":[{"@type":"SearchAction","target":{"@type":"EntryPoint","urlTemplate":"https:\/\/tourcartagenaa.com\/?s={search_term_string}"},"query-input":{"@type":"PropertyValueSpecification","valueRequired":true,"valueName":"search_term_string"}}],"inLanguage":"en-US"},{"@type":"Organization","@id":"https:\/\/tourcartagenaa.com\/#organization","name":"Tour Cartagena","url":"https:\/\/tourcartagenaa.com\/","logo":{"@type":"ImageObject","inLanguage":"en-US","@id":"https:\/\/tourcartagenaa.com\/#\/schema\/logo\/image\/","url":"https:\/\/tourcartagenaa.com\/wp-content\/uploads\/2024\/05\/cropped-RNT-195777-150X150.png","contentUrl":"https:\/\/tourcartagenaa.com\/wp-content\/uploads\/2024\/05\/cropped-RNT-195777-150X150.png","width":150,"height":150,"caption":"Tour Cartagena"},"image":{"@id":"https:\/\/tourcartagenaa.com\/#\/schema\/logo\/image\/"}}]}},"_links":{"self":[{"href":"https:\/\/tourcartagenaa.com\/en\/wp-json\/wp\/v2\/product\/3379","targetHints":{"allow":["GET"]}}],"collection":[{"href":"https:\/\/tourcartagenaa.com\/en\/wp-json\/wp\/v2\/product"}],"about":[{"href":"https:\/\/tourcartagenaa.com\/en\/wp-json\/wp\/v2\/types\/product"}],"replies":[{"embeddable":true,"href":"https:\/\/tourcartagenaa.com\/en\/wp-json\/wp\/v2\/comments?post=3379"}],"wp:featuredmedia":[{"embeddable":true,"href":"https:\/\/tourcartagenaa.com\/en\/wp-json\/wp\/v2\/media\/3382"}],"wp:attachment":[{"href":"https:\/\/tourcartagenaa.com\/en\/wp-json\/wp\/v2\/media?parent=3379"}],"wp:term":[{"taxonomy":"product_brand","embeddable":true,"href":"https:\/\/tourcartagenaa.com\/en\/wp-json\/wp\/v2\/product_brand?post=3379"},{"taxonomy":"product_cat","embeddable":true,"href":"https:\/\/tourcartagenaa.com\/en\/wp-json\/wp\/v2\/product_cat?post=3379"},{"taxonomy":"product_tag","embeddable":true,"href":"https:\/\/tourcartagenaa.com\/en\/wp-json\/wp\/v2\/product_tag?post=3379"}],"curies":[{"name":"wp","href":"https:\/\/api.w.org\/{rel}","templated":true}]}}